{"id":3,"date":"2025-10-01T18:45:38","date_gmt":"2025-10-01T18:45:38","guid":{"rendered":"https:\/\/solumcapital.com.br\/?page_id=3"},"modified":"2025-10-20T18:00:23","modified_gmt":"2025-10-20T18:00:23","slug":"regulatorio","status":"publish","type":"page","link":"https:\/\/solumcapital.com.br\/en\/regulatorio\/","title":{"rendered":"regulatorio"},"content":{"rendered":"<div data-elementor-type=\"wp-page\" data-elementor-id=\"3\" class=\"elementor elementor-3\" data-elementor-settings=\"{&quot;ha_cmc_init_switcher&quot;:&quot;no&quot;}\" data-elementor-post-type=\"page\">\n\t\t\t\t<div class=\"elementor-element elementor-element-19185ce3 e-flex e-con-boxed e-con e-parent\" data-id=\"19185ce3\" data-element_type=\"container\" data-settings=\"{&quot;background_background&quot;:&quot;classic&quot;,&quot;_ha_eqh_enable&quot;:false}\">\n\t\t\t\t\t<div class=\"e-con-inner\">\n\t\t\t\t<div class=\"elementor-element elementor-element-735d82a8 elementor-widget elementor-widget-text-editor\" data-id=\"735d82a8\" data-element_type=\"widget\" data-widget_type=\"text-editor.default\">\n\t\t\t\t\t\t\t\t\t<h2 class=\"wp-block-heading\">REGULAT\u00d3RIO<\/h2>\n<div>\u00a0<\/div>\n<div>\u00a0<\/div>\n<p><!-- \/wp:heading --><!-- wp:paragraph --><\/p>\n<p><!-- \/wp:paragraph --><!-- wp:heading --><\/p>\n<h2 class=\"wp-block-heading\"><b>ARQUIVOS<\/b><\/h2>\n<div><b>\u00a0<\/b><\/div>\n<div><b>\u00a0<\/b><\/div>\n<p><!-- \/wp:heading --><!-- wp:paragraph --><\/p>\n<p>\u00a0<\/p>\n<h2 class=\"wp-block-heading\"><a href=\"https:\/\/lightsalmon-rabbit-358279.hostingersite.com\/wp-content\/uploads\/2025\/10\/2025.10.20-Codigo-de-Etica-e-Conduta-1.pdf\">C\u00f3digo de \u00c9tica e conduta<\/a><\/h2>\n<p><!-- \/wp:heading --><!-- wp:paragraph --><\/p>\n<p>\u00a0<\/p>\n<p><!-- \/wp:paragraph --><!-- wp:heading --><\/p>\n<h2 class=\"wp-block-heading\"><a href=\"https:\/\/lightsalmon-rabbit-358279.hostingersite.com\/wp-content\/uploads\/2025\/10\/2025.10.20-Manual-de-Compliance.pdf\">Manual de Compliance<\/a><\/h2>\n<p><!-- \/wp:heading --><!-- wp:paragraph --><\/p>\n<p>\u00a0<\/p>\n<p><!-- \/wp:paragraph --><!-- wp:heading --><\/p>\n<h2 class=\"wp-block-heading\"><a href=\"https:\/\/lightsalmon-rabbit-358279.hostingersite.com\/wp-content\/uploads\/2025\/10\/2025.10.20-Politica-de-Voto-Solum-Capital.pdf\">Pol\u00edtica de Voto &#8211; Solum Capital<\/a><\/h2>\n<p><!-- \/wp:heading --><!-- wp:paragraph --><\/p>\n<p>\u00a0<\/p>\n<p><!-- \/wp:paragraph --><!-- wp:heading --><\/p>\n<h2 class=\"wp-block-heading\"><a href=\"https:\/\/lightsalmon-rabbit-358279.hostingersite.com\/wp-content\/uploads\/2025\/10\/2025.10.20-Politica-de-Gestao-de-Risco.pdf\">Pol\u00edtica de gest\u00e3o de risco<\/a><\/h2>\n<p><!-- \/wp:heading --><!-- wp:paragraph --><\/p>\n<p>\u00a0<\/p>\n<p><!-- \/wp:paragraph --><!-- wp:heading --><\/p>\n<h2 class=\"wp-block-heading\"><a href=\"https:\/\/lightsalmon-rabbit-358279.hostingersite.com\/wp-content\/uploads\/2025\/10\/2025.10.20-Declaracao-de-Inaplicabilidade-da-Politica-de-Rateio.pdf\">Declara\u00e7\u00e3o da inaplicabilidade da pol\u00edtica de rateio<\/a><\/h2>\n<p><!-- \/wp:heading --><!-- wp:paragraph --><\/p>\n<p>\u00a0<\/p>\n<p><!-- \/wp:paragraph --><!-- wp:heading --><\/p>\n<h2 class=\"wp-block-heading\"><a href=\"https:\/\/lightsalmon-rabbit-358279.hostingersite.com\/wp-content\/uploads\/2025\/10\/2025.10.20-Politica-de-Investimentos-Pessoais.pdf\">Pol\u00edtica de investimentos pessoais<\/a><\/h2>\n<p><!-- \/wp:heading --><!-- wp:paragraph --><\/p>\n<p>\u00a0<\/p>\n<p><!-- \/wp:paragraph --><!-- wp:heading --><\/p>\n<h2 class=\"wp-block-heading\"><a href=\"https:\/\/cvmweb.cvm.gov.br\/SWB\/Sistemas\/SCW\/CPublica\/FormRefAdmCart\/ConsultaFormReferenciaAdmCarteiraPJ.aspx?PK_PARTIC=189573&amp;COMPTC=2024\">Formul\u00e1rio de refer\u00eancia<\/a><\/h2>\n<p><!-- \/wp:heading --><!-- wp:paragraph --><\/p>\n<p><!-- \/wp:paragraph --><\/p>\t\t\t\t\t\t\t\t<\/div>\n\t\t\t\t\t<\/div>\n\t\t\t\t<\/div>\n\t\t\t\t<\/div>","protected":false},"excerpt":{"rendered":"<p>REGULAT\u00d3RIO \u00a0 \u00a0 ARQUIVOS \u00a0 \u00a0 \u00a0 C\u00f3digo de \u00c9tica e conduta \u00a0 Manual de Compliance \u00a0 Pol\u00edtica de Voto &#8211; Solum Capital \u00a0 Pol\u00edtica de gest\u00e3o de risco \u00a0 Declara\u00e7\u00e3o da inaplicabilidade da pol\u00edtica de rateio \u00a0 Pol\u00edtica de investimentos pessoais \u00a0 Formul\u00e1rio de refer\u00eancia<\/p>","protected":false},"author":1,"featured_media":0,"parent":0,"menu_order":0,"comment_status":"closed","ping_status":"closed","template":"elementor_header_footer","meta":{"footnotes":""},"class_list":["post-3","page","type-page","status-publish","hentry"],"_hostinger_reach_plugin_has_subscription_block":false,"_hostinger_reach_plugin_is_elementor":false,"_links":{"self":[{"href":"https:\/\/solumcapital.com.br\/en\/wp-json\/wp\/v2\/pages\/3","targetHints":{"allow":["GET"]}}],"collection":[{"href":"https:\/\/solumcapital.com.br\/en\/wp-json\/wp\/v2\/pages"}],"about":[{"href":"https:\/\/solumcapital.com.br\/en\/wp-json\/wp\/v2\/types\/page"}],"author":[{"embeddable":true,"href":"https:\/\/solumcapital.com.br\/en\/wp-json\/wp\/v2\/users\/1"}],"replies":[{"embeddable":true,"href":"https:\/\/solumcapital.com.br\/en\/wp-json\/wp\/v2\/comments?post=3"}],"version-history":[{"count":4,"href":"https:\/\/solumcapital.com.br\/en\/wp-json\/wp\/v2\/pages\/3\/revisions"}],"predecessor-version":[{"id":611,"href":"https:\/\/solumcapital.com.br\/en\/wp-json\/wp\/v2\/pages\/3\/revisions\/611"}],"wp:attachment":[{"href":"https:\/\/solumcapital.com.br\/en\/wp-json\/wp\/v2\/media?parent=3"}],"curies":[{"name":"wp","href":"https:\/\/api.w.org\/{rel}","templated":true}]}}